{"id":1299,"date":"2019-10-01T16:08:03","date_gmt":"2019-10-01T20:08:03","guid":{"rendered":"https:\/\/maisondesleclerc.com\/?page_id=1299"},"modified":"2026-02-18T20:43:50","modified_gmt":"2026-02-19T01:43:50","slug":"nous-joindre","status":"publish","type":"page","link":"https:\/\/maisondesleclerc.com\/en\/nous-joindre\/","title":{"rendered":"Contact us"},"content":{"rendered":"\t\t<div data-elementor-type=\"wp-page\" data-elementor-id=\"1299\" class=\"elementor elementor-1299\" data-elementor-post-type=\"page\">\n\t\t\t\t\t\t<section class=\"elementor-section elementor-top-section elementor-element elementor-element-bdba351 elementor-section-height-min-height elementor-section-full_width elementor-section-items-stretch elementor-section-height-default\" data-id=\"bdba351\" data-element_type=\"section\" data-e-type=\"section\" data-settings=\"{&quot;background_background&quot;:&quot;classic&quot;}\">\n\t\t\t\t\t\t\t<div class=\"elementor-background-overlay\"><\/div>\n\t\t\t\t\t\t\t<div class=\"elementor-container elementor-column-gap-default\">\n\t\t\t\t\t<div class=\"elementor-column elementor-col-50 elementor-top-column elementor-element elementor-element-48a97f5\" data-id=\"48a97f5\" data-element_type=\"column\" data-e-type=\"column\">\n\t\t\t<div class=\"elementor-widget-wrap elementor-element-populated\">\n\t\t\t\t\t\t<div class=\"elementor-element elementor-element-13d55fc elementor-widget__width-initial elementor-widget elementor-widget-theme-site-logo elementor-widget-image\" data-id=\"13d55fc\" data-element_type=\"widget\" data-e-type=\"widget\" data-widget_type=\"theme-site-logo.default\">\n\t\t\t\t\t\t\t\t\t\t\t<a href=\"https:\/\/maisondesleclerc.com\/en\/\">\n\t\t\t<img decoding=\"async\" width=\"1\" height=\"1\" src=\"https:\/\/maisondesleclerc.com\/wp-content\/uploads\/2020\/03\/Maison_Leclerc_Logo_Final.svg\" class=\"attachment-large size-large wp-image-2698\" alt=\"\" \/>\t\t\t\t<\/a>\n\t\t\t\t\t\t\t\t\t\t\t<\/div>\n\t\t\t\t<div class=\"elementor-element elementor-element-ae3391e elementor-widget__width-initial elementor-widget elementor-widget-heading\" data-id=\"ae3391e\" data-element_type=\"widget\" data-e-type=\"widget\" data-widget_type=\"heading.default\">\n\t\t\t\t\t<h1 class=\"elementor-heading-title elementor-size-default\">Contactez-nous<\/h1>\t\t\t\t<\/div>\n\t\t\t\t<div class=\"elementor-element elementor-element-b793e1a elementor-widget__width-initial elementor-widget elementor-widget-text-editor\" data-id=\"b793e1a\" data-element_type=\"widget\" data-e-type=\"widget\" data-widget_type=\"text-editor.default\">\n\t\t\t\t\t\t\t\t\t<p>Vous avez des questions ? N\u2019h\u00e9sitez pas \u00e0 nous contacter!<\/p><p>Vos h\u00f4tes: Michel Leclerc et sa fille Chantal Leclerc<\/p>\t\t\t\t\t\t\t\t<\/div>\n\t\t\t\t\t<\/div>\n\t\t<\/div>\n\t\t\t\t<div class=\"elementor-column elementor-col-50 elementor-top-column elementor-element elementor-element-ca406ee\" data-id=\"ca406ee\" data-element_type=\"column\" data-e-type=\"column\" data-settings=\"{&quot;background_background&quot;:&quot;classic&quot;}\">\n\t\t\t<div class=\"elementor-widget-wrap elementor-element-populated\">\n\t\t\t\t\t<div class=\"elementor-background-overlay\"><\/div>\n\t\t\t\t\t\t<div class=\"elementor-element elementor-element-c5062df elementor-widget elementor-widget-spacer\" data-id=\"c5062df\" data-element_type=\"widget\" data-e-type=\"widget\" data-widget_type=\"spacer.default\">\n\t\t\t\t\t\t\t<div class=\"elementor-spacer\">\n\t\t\t<div class=\"elementor-spacer-inner\"><\/div>\n\t\t<\/div>\n\t\t\t\t\t\t<\/div>\n\t\t\t\t\t<\/div>\n\t\t<\/div>\n\t\t\t\t\t<\/div>\n\t\t<\/section>\n\t\t\t\t<section class=\"elementor-section elementor-top-section elementor-element elementor-element-680a176f elementor-section-boxed elementor-section-height-default elementor-section-height-default\" data-id=\"680a176f\" data-element_type=\"section\" data-e-type=\"section\" data-settings=\"{&quot;background_background&quot;:&quot;classic&quot;}\">\n\t\t\t\t\t\t<div class=\"elementor-container elementor-column-gap-default\">\n\t\t\t\t\t<div class=\"elementor-column elementor-col-100 elementor-top-column elementor-element elementor-element-7074cee7\" data-id=\"7074cee7\" data-element_type=\"column\" data-e-type=\"column\" data-settings=\"{&quot;background_background&quot;:&quot;classic&quot;}\">\n\t\t\t<div class=\"elementor-widget-wrap elementor-element-populated\">\n\t\t\t\t\t\t<div class=\"elementor-element elementor-element-3b86e14a elementor-button-align-start elementor-widget elementor-widget-form\" data-id=\"3b86e14a\" data-element_type=\"widget\" data-e-type=\"widget\" data-settings=\"{&quot;step_next_label&quot;:&quot;Next&quot;,&quot;step_previous_label&quot;:&quot;Previous&quot;,&quot;button_width&quot;:&quot;100&quot;,&quot;step_type&quot;:&quot;number_text&quot;,&quot;step_icon_shape&quot;:&quot;circle&quot;}\" data-widget_type=\"form.default\">\n\t\t\t\t\t\t\t<form class=\"elementor-form\" method=\"post\" name=\"Contact\" aria-label=\"Contact\">\n\t\t\t<input type=\"hidden\" name=\"post_id\" value=\"1299\"\/>\n\t\t\t<input type=\"hidden\" name=\"form_id\" value=\"3b86e14a\"\/>\n\t\t\t<input type=\"hidden\" name=\"referer_title\" value=\"Maison des Leclerc\" \/>\n\n\t\t\t\n\t\t\t<div class=\"elementor-form-fields-wrapper elementor-labels-above\">\n\t\t\t\t\t\t\t\t<div class=\"elementor-field-type-text elementor-field-group elementor-column elementor-field-group-name elementor-col-50\">\n\t\t\t\t\t\t\t\t\t\t\t\t\t<input size=\"1\" type=\"text\" name=\"form_fields[name]\" id=\"form-field-name\" class=\"elementor-field elementor-size-md  elementor-field-textual\" placeholder=\"Nom\">\n\t\t\t\t\t\t\t\t\t\t\t<\/div>\n\t\t\t\t\t\t\t\t<div class=\"elementor-field-type-email elementor-field-group elementor-column elementor-field-group-email elementor-col-50 elementor-field-required\">\n\t\t\t\t\t\t\t\t\t\t\t\t\t<input size=\"1\" type=\"email\" name=\"form_fields[email]\" id=\"form-field-email\" class=\"elementor-field elementor-size-md  elementor-field-textual\" placeholder=\"Courriel\" required=\"required\">\n\t\t\t\t\t\t\t\t\t\t\t<\/div>\n\t\t\t\t\t\t\t\t<div class=\"elementor-field-type-textarea elementor-field-group elementor-column elementor-field-group-message elementor-col-100\">\n\t\t\t\t\t<textarea class=\"elementor-field-textual elementor-field  elementor-size-md\" name=\"form_fields[message]\" id=\"form-field-message\" rows=\"4\" placeholder=\"Message\"><\/textarea>\t\t\t\t<\/div>\n\t\t\t\t\t\t\t\t<div class=\"elementor-field-type-recaptcha_v3 elementor-field-group elementor-column elementor-field-group-field_974a39c elementor-col-100 recaptcha_v3-inline\">\n\t\t\t\t\t<div class=\"elementor-field\" id=\"form-field-field_974a39c\"><div class=\"elementor-g-recaptcha\" data-sitekey=\"6LdbkgYrAAAAACASpNChH6GJim4QY9sxCtA2Gp-a\" data-type=\"v3\" data-action=\"Form\" data-badge=\"inline\" data-size=\"invisible\"><\/div><\/div>\t\t\t\t<\/div>\n\t\t\t\t\t\t\t\t<div class=\"elementor-field-group elementor-column elementor-field-type-submit elementor-col-100 e-form__buttons\">\n\t\t\t\t\t<button class=\"elementor-button elementor-size-sm\" type=\"submit\">\n\t\t\t\t\t\t<span class=\"elementor-button-content-wrapper\">\n\t\t\t\t\t\t\t\t\t\t\t\t\t\t\t<span class=\"elementor-button-icon\">\n\t\t\t\t\t\t\t\t\t<i aria-hidden=\"true\" class=\"fas fa-arrow-right\"><\/i>\t\t\t\t\t\t\t\t\t\t\t\t\t\t\t\t\t<\/span>\n\t\t\t\t\t\t\t\t\t\t\t\t\t\t\t\t\t\t\t\t\t\t<span class=\"elementor-button-text\">envoyer le message<\/span>\n\t\t\t\t\t\t\t\t\t\t\t\t\t<\/span>\n\t\t\t\t\t<\/button>\n\t\t\t\t<\/div>\n\t\t\t<\/div>\n\t\t<\/form>\n\t\t\t\t\t\t<\/div>\n\t\t\t\t\t<\/div>\n\t\t<\/div>\n\t\t\t\t\t<\/div>\n\t\t<\/section>\n\t\t\t\t<section class=\"elementor-section elementor-top-section elementor-element elementor-element-56605e2 elementor-section-full_width elementor-reverse-mobile elementor-section-height-default elementor-section-height-default\" data-id=\"56605e2\" data-element_type=\"section\" data-e-type=\"section\" data-settings=\"{&quot;background_background&quot;:&quot;classic&quot;}\">\n\t\t\t\t\t\t<div class=\"elementor-container elementor-column-gap-no\">\n\t\t\t\t\t<div class=\"elementor-column elementor-col-50 elementor-top-column elementor-element elementor-element-db2b35e\" data-id=\"db2b35e\" data-element_type=\"column\" data-e-type=\"column\" data-settings=\"{&quot;background_background&quot;:&quot;classic&quot;}\">\n\t\t\t<div class=\"elementor-widget-wrap elementor-element-populated\">\n\t\t\t\t\t\t<div class=\"elementor-element elementor-element-7e228fd elementor-widget elementor-widget-google_maps\" data-id=\"7e228fd\" data-element_type=\"widget\" data-e-type=\"widget\" data-widget_type=\"google_maps.default\">\n\t\t\t\t\t\t\t<div class=\"elementor-custom-embed\">\n\t\t\t<iframe loading=\"lazy\"\n\t\t\t\t\tsrc=\"https:\/\/maps.google.com\/maps?q=Maison%20des%20Leclerc%202821%2C%20rue%20Notre-Dame%20Trois-Rivi%C3%A8res%20%28Qc%29%20G8V%201Y8&#038;t=m&#038;z=10&#038;output=embed&#038;iwloc=near\"\n\t\t\t\t\ttitle=\"Maison des Leclerc 2821, rue Notre-Dame Trois-Rivi\u00e8res (Qc) G8V 1Y8\"\n\t\t\t\t\taria-label=\"Maison des Leclerc 2821, rue Notre-Dame Trois-Rivi\u00e8res (Qc) G8V 1Y8\"\n\t\t\t><\/iframe>\n\t\t<\/div>\n\t\t\t\t\t\t<\/div>\n\t\t\t\t\t<\/div>\n\t\t<\/div>\n\t\t\t\t<div class=\"elementor-column elementor-col-50 elementor-top-column elementor-element elementor-element-5b766e7\" data-id=\"5b766e7\" data-element_type=\"column\" data-e-type=\"column\" data-settings=\"{&quot;background_background&quot;:&quot;classic&quot;}\">\n\t\t\t<div class=\"elementor-widget-wrap elementor-element-populated\">\n\t\t\t\t\t\t<div class=\"elementor-element elementor-element-dc421ba elementor-widget elementor-widget-heading\" data-id=\"dc421ba\" data-element_type=\"widget\" data-e-type=\"widget\" data-widget_type=\"heading.default\">\n\t\t\t\t\t<h2 class=\"elementor-heading-title elementor-size-default\">Nos coordonn\u00e9es<\/h2>\t\t\t\t<\/div>\n\t\t\t\t<div class=\"elementor-element elementor-element-202ce92 elementor-position-inline-start elementor-view-default elementor-mobile-position-block-start elementor-widget elementor-widget-icon-box\" data-id=\"202ce92\" data-element_type=\"widget\" data-e-type=\"widget\" data-widget_type=\"icon-box.default\">\n\t\t\t\t\t\t\t<div class=\"elementor-icon-box-wrapper\">\n\n\t\t\t\t\t\t<div class=\"elementor-icon-box-icon\">\n\t\t\t\t<span  class=\"elementor-icon\">\n\t\t\t\t<i aria-hidden=\"true\" class=\"fas fa-map-marker-alt\"><\/i>\t\t\t\t<\/span>\n\t\t\t<\/div>\n\t\t\t\n\t\t\t\t\t\t<div class=\"elementor-icon-box-content\">\n\n\t\t\t\t\t\t\t\t\t<p class=\"elementor-icon-box-title\">\n\t\t\t\t\t\t<span  >\n\t\t\t\t\t\t\tLa Maison des Leclerc\t\t\t\t\t\t<\/span>\n\t\t\t\t\t<\/p>\n\t\t\t\t\n\t\t\t\t\t\t\t\t\t<p class=\"elementor-icon-box-description\">\n\t\t\t\t\t\t2821, rue Notre-Dame,\nTrois-Rivi\u00e8res (Qc)\nG8V 1Y8\n\t\t\t\t\t<\/p>\n\t\t\t\t\n\t\t\t<\/div>\n\t\t\t\n\t\t<\/div>\n\t\t\t\t\t\t<\/div>\n\t\t\t\t<div class=\"elementor-element elementor-element-caf3bb1 elementor-position-inline-start elementor-view-default elementor-mobile-position-block-start elementor-widget elementor-widget-icon-box\" data-id=\"caf3bb1\" data-element_type=\"widget\" data-e-type=\"widget\" data-widget_type=\"icon-box.default\">\n\t\t\t\t\t\t\t<div class=\"elementor-icon-box-wrapper\">\n\n\t\t\t\t\t\t<div class=\"elementor-icon-box-icon\">\n\t\t\t\t<a href=\"tel:819-380-8832\" class=\"elementor-icon\" tabindex=\"-1\" aria-label=\"T\u00e9l\u00e9phone\">\n\t\t\t\t<i aria-hidden=\"true\" class=\"fas fa-phone-alt\"><\/i>\t\t\t\t<\/a>\n\t\t\t<\/div>\n\t\t\t\n\t\t\t\t\t\t<div class=\"elementor-icon-box-content\">\n\n\t\t\t\t\t\t\t\t\t<p class=\"elementor-icon-box-title\">\n\t\t\t\t\t\t<a href=\"tel:819-380-8832\" >\n\t\t\t\t\t\t\tT\u00e9l\u00e9phone\t\t\t\t\t\t<\/a>\n\t\t\t\t\t<\/p>\n\t\t\t\t\n\t\t\t\t\t\t\t\t\t<p class=\"elementor-icon-box-description\">\n\t\t\t\t\t\t819-380-8832\t\t\t\t\t<\/p>\n\t\t\t\t\n\t\t\t<\/div>\n\t\t\t\n\t\t<\/div>\n\t\t\t\t\t\t<\/div>\n\t\t\t\t<div class=\"elementor-element elementor-element-9b96a33 elementor-position-inline-start elementor-view-default elementor-mobile-position-block-start elementor-widget elementor-widget-icon-box\" data-id=\"9b96a33\" data-element_type=\"widget\" data-e-type=\"widget\" data-widget_type=\"icon-box.default\">\n\t\t\t\t\t\t\t<div class=\"elementor-icon-box-wrapper\">\n\n\t\t\t\t\t\t<div class=\"elementor-icon-box-icon\">\n\t\t\t\t<a href=\"mailto:info@maisondesleclerc.com\" class=\"elementor-icon\" tabindex=\"-1\" aria-label=\"Courriel\">\n\t\t\t\t<i aria-hidden=\"true\" class=\"fas fa-envelope\"><\/i>\t\t\t\t<\/a>\n\t\t\t<\/div>\n\t\t\t\n\t\t\t\t\t\t<div class=\"elementor-icon-box-content\">\n\n\t\t\t\t\t\t\t\t\t<p class=\"elementor-icon-box-title\">\n\t\t\t\t\t\t<a href=\"mailto:info@maisondesleclerc.com\" >\n\t\t\t\t\t\t\tCourriel\t\t\t\t\t\t<\/a>\n\t\t\t\t\t<\/p>\n\t\t\t\t\n\t\t\t\t\t\t\t\t\t<p class=\"elementor-icon-box-description\">\n\t\t\t\t\t\tinfo@maisondesleclerc.com\t\t\t\t\t<\/p>\n\t\t\t\t\n\t\t\t<\/div>\n\t\t\t\n\t\t<\/div>\n\t\t\t\t\t\t<\/div>\n\t\t\t\t\t<\/div>\n\t\t<\/div>\n\t\t\t\t\t<\/div>\n\t\t<\/section>\n\t\t\t\t<\/div>\n\t\t","protected":false},"excerpt":{"rendered":"<p>Contactez-nous Vous avez des questions ? N\u2019h\u00e9sitez pas \u00e0 nous contacter! Vos h\u00f4tes: Michel Leclerc et sa fille Chantal Leclerc Nos coordonn\u00e9es La Maison des Leclerc 2821, rue Notre-Dame, Trois-Rivi\u00e8res (Qc) G8V 1Y8 T\u00e9l\u00e9phone 819-380-8832 Courriel info@maisondesleclerc.com<\/p>","protected":false},"author":2,"featured_media":0,"parent":0,"menu_order":0,"comment_status":"closed","ping_status":"closed","template":"elementor_header_footer","meta":{"footnotes":""},"class_list":["post-1299","page","type-page","status-publish","hentry"],"yoast_head":"<!-- This site is optimized with the Yoast SEO plugin v27.0 - https:\/\/yoast.com\/product\/yoast-seo-wordpress\/ -->\n<title>Nous joindre - Maison des Leclerc<\/title>\n<meta name=\"robots\" content=\"index, follow, max-snippet:-1, max-image-preview:large, max-video-preview:-1\" \/>\n<link rel=\"canonical\" href=\"https:\/\/maisondesleclerc.com\/en\/nous-joindre\/\" \/>\n<meta property=\"og:locale\" content=\"en_US\" \/>\n<meta property=\"og:type\" content=\"article\" \/>\n<meta property=\"og:title\" content=\"Nous joindre - Maison des Leclerc\" \/>\n<meta property=\"og:description\" content=\"Contactez-nous Vous avez des questions ? N\u2019h\u00e9sitez pas \u00e0 nous contacter! Vos h\u00f4tes: Michel Leclerc et sa fille Chantal Leclerc Nos coordonn\u00e9es La Maison des Leclerc 2821, rue Notre-Dame, Trois-Rivi\u00e8res (Qc) G8V 1Y8 T\u00e9l\u00e9phone 819-380-8832 Courriel info@maisondesleclerc.com\" \/>\n<meta property=\"og:url\" content=\"https:\/\/maisondesleclerc.com\/en\/nous-joindre\/\" \/>\n<meta property=\"og:site_name\" content=\"Maison des Leclerc\" \/>\n<meta property=\"article:modified_time\" content=\"2026-02-19T01:43:50+00:00\" \/>\n<meta name=\"twitter:card\" content=\"summary_large_image\" \/>\n<meta name=\"twitter:label1\" content=\"Est. reading time\" \/>\n\t<meta name=\"twitter:data1\" content=\"1 minute\" \/>\n<script type=\"application\/ld+json\" class=\"yoast-schema-graph\">{\"@context\":\"https:\/\/schema.org\",\"@graph\":[{\"@type\":\"WebPage\",\"@id\":\"https:\/\/maisondesleclerc.com\/nous-joindre\/\",\"url\":\"https:\/\/maisondesleclerc.com\/nous-joindre\/\",\"name\":\"Nous joindre - Maison des Leclerc\",\"isPartOf\":{\"@id\":\"https:\/\/maisondesleclerc.com\/#website\"},\"datePublished\":\"2019-10-01T20:08:03+00:00\",\"dateModified\":\"2026-02-19T01:43:50+00:00\",\"breadcrumb\":{\"@id\":\"https:\/\/maisondesleclerc.com\/nous-joindre\/#breadcrumb\"},\"inLanguage\":\"en-US\",\"potentialAction\":[{\"@type\":\"ReadAction\",\"target\":[\"https:\/\/maisondesleclerc.com\/nous-joindre\/\"]}]},{\"@type\":\"BreadcrumbList\",\"@id\":\"https:\/\/maisondesleclerc.com\/nous-joindre\/#breadcrumb\",\"itemListElement\":[{\"@type\":\"ListItem\",\"position\":1,\"name\":\"Accueil\",\"item\":\"https:\/\/maisondesleclerc.com\/\"},{\"@type\":\"ListItem\",\"position\":2,\"name\":\"Nous joindre\"}]},{\"@type\":\"WebSite\",\"@id\":\"https:\/\/maisondesleclerc.com\/#website\",\"url\":\"https:\/\/maisondesleclerc.com\/\",\"name\":\"Maison des Leclerc\",\"description\":\"R\u00e9sidence touristique chaleureuse et authentique\",\"publisher\":{\"@id\":\"https:\/\/maisondesleclerc.com\/#organization\"},\"potentialAction\":[{\"@type\":\"SearchAction\",\"target\":{\"@type\":\"EntryPoint\",\"urlTemplate\":\"https:\/\/maisondesleclerc.com\/?s={search_term_string}\"},\"query-input\":{\"@type\":\"PropertyValueSpecification\",\"valueRequired\":true,\"valueName\":\"search_term_string\"}}],\"inLanguage\":\"en-US\"},{\"@type\":\"Organization\",\"@id\":\"https:\/\/maisondesleclerc.com\/#organization\",\"name\":\"Maison des Leclerc\",\"url\":\"https:\/\/maisondesleclerc.com\/\",\"logo\":{\"@type\":\"ImageObject\",\"inLanguage\":\"en-US\",\"@id\":\"https:\/\/maisondesleclerc.com\/#\/schema\/logo\/image\/\",\"url\":\"https:\/\/maisondesleclerc.com\/wp-content\/uploads\/2020\/03\/Maison_Leclerc_Logo_Final.svg\",\"contentUrl\":\"https:\/\/maisondesleclerc.com\/wp-content\/uploads\/2020\/03\/Maison_Leclerc_Logo_Final.svg\",\"caption\":\"Maison des Leclerc\"},\"image\":{\"@id\":\"https:\/\/maisondesleclerc.com\/#\/schema\/logo\/image\/\"}}]}<\/script>\n<!-- \/ Yoast SEO plugin. -->","yoast_head_json":{"title":"Nous joindre - Maison des Leclerc","robots":{"index":"index","follow":"follow","max-snippet":"max-snippet:-1","max-image-preview":"max-image-preview:large","max-video-preview":"max-video-preview:-1"},"canonical":"https:\/\/maisondesleclerc.com\/en\/nous-joindre\/","og_locale":"en_US","og_type":"article","og_title":"Nous joindre - Maison des Leclerc","og_description":"Contactez-nous Vous avez des questions ? N\u2019h\u00e9sitez pas \u00e0 nous contacter! Vos h\u00f4tes: Michel Leclerc et sa fille Chantal Leclerc Nos coordonn\u00e9es La Maison des Leclerc 2821, rue Notre-Dame, Trois-Rivi\u00e8res (Qc) G8V 1Y8 T\u00e9l\u00e9phone 819-380-8832 Courriel info@maisondesleclerc.com","og_url":"https:\/\/maisondesleclerc.com\/en\/nous-joindre\/","og_site_name":"Maison des Leclerc","article_modified_time":"2026-02-19T01:43:50+00:00","twitter_card":"summary_large_image","twitter_misc":{"Est. reading time":"1 minute"},"schema":{"@context":"https:\/\/schema.org","@graph":[{"@type":"WebPage","@id":"https:\/\/maisondesleclerc.com\/nous-joindre\/","url":"https:\/\/maisondesleclerc.com\/nous-joindre\/","name":"Nous joindre - Maison des Leclerc","isPartOf":{"@id":"https:\/\/maisondesleclerc.com\/#website"},"datePublished":"2019-10-01T20:08:03+00:00","dateModified":"2026-02-19T01:43:50+00:00","breadcrumb":{"@id":"https:\/\/maisondesleclerc.com\/nous-joindre\/#breadcrumb"},"inLanguage":"en-US","potentialAction":[{"@type":"ReadAction","target":["https:\/\/maisondesleclerc.com\/nous-joindre\/"]}]},{"@type":"BreadcrumbList","@id":"https:\/\/maisondesleclerc.com\/nous-joindre\/#breadcrumb","itemListElement":[{"@type":"ListItem","position":1,"name":"Accueil","item":"https:\/\/maisondesleclerc.com\/"},{"@type":"ListItem","position":2,"name":"Nous joindre"}]},{"@type":"WebSite","@id":"https:\/\/maisondesleclerc.com\/#website","url":"https:\/\/maisondesleclerc.com\/","name":"Maison des Leclerc","description":"R\u00e9sidence touristique chaleureuse et authentique","publisher":{"@id":"https:\/\/maisondesleclerc.com\/#organization"},"potentialAction":[{"@type":"SearchAction","target":{"@type":"EntryPoint","urlTemplate":"https:\/\/maisondesleclerc.com\/?s={search_term_string}"},"query-input":{"@type":"PropertyValueSpecification","valueRequired":true,"valueName":"search_term_string"}}],"inLanguage":"en-US"},{"@type":"Organization","@id":"https:\/\/maisondesleclerc.com\/#organization","name":"Maison des Leclerc","url":"https:\/\/maisondesleclerc.com\/","logo":{"@type":"ImageObject","inLanguage":"en-US","@id":"https:\/\/maisondesleclerc.com\/#\/schema\/logo\/image\/","url":"https:\/\/maisondesleclerc.com\/wp-content\/uploads\/2020\/03\/Maison_Leclerc_Logo_Final.svg","contentUrl":"https:\/\/maisondesleclerc.com\/wp-content\/uploads\/2020\/03\/Maison_Leclerc_Logo_Final.svg","caption":"Maison des Leclerc"},"image":{"@id":"https:\/\/maisondesleclerc.com\/#\/schema\/logo\/image\/"}}]}},"_links":{"self":[{"href":"https:\/\/maisondesleclerc.com\/en\/wp-json\/wp\/v2\/pages\/1299","targetHints":{"allow":["GET"]}}],"collection":[{"href":"https:\/\/maisondesleclerc.com\/en\/wp-json\/wp\/v2\/pages"}],"about":[{"href":"https:\/\/maisondesleclerc.com\/en\/wp-json\/wp\/v2\/types\/page"}],"author":[{"embeddable":true,"href":"https:\/\/maisondesleclerc.com\/en\/wp-json\/wp\/v2\/users\/2"}],"replies":[{"embeddable":true,"href":"https:\/\/maisondesleclerc.com\/en\/wp-json\/wp\/v2\/comments?post=1299"}],"version-history":[{"count":9,"href":"https:\/\/maisondesleclerc.com\/en\/wp-json\/wp\/v2\/pages\/1299\/revisions"}],"predecessor-version":[{"id":3668,"href":"https:\/\/maisondesleclerc.com\/en\/wp-json\/wp\/v2\/pages\/1299\/revisions\/3668"}],"wp:attachment":[{"href":"https:\/\/maisondesleclerc.com\/en\/wp-json\/wp\/v2\/media?parent=1299"}],"curies":[{"name":"wp","href":"https:\/\/api.w.org\/{rel}","templated":true}]}}