{"id":317,"date":"2019-06-12T11:59:52","date_gmt":"2019-06-12T11:59:52","guid":{"rendered":"https:\/\/themes.getmotopress.com\/luviana\/?page_id=317"},"modified":"2020-08-18T15:45:19","modified_gmt":"2020-08-18T19:45:19","slug":"terms-conditions","status":"publish","type":"page","link":"https:\/\/maisondesleclerc.com\/en\/terms-conditions\/","title":{"rendered":"Terms and conditions"},"content":{"rendered":"<div data-elementor-type=\"wp-page\" data-elementor-id=\"317\" class=\"elementor elementor-317\" data-elementor-post-type=\"page\">\n\t\t\t\t\t\t<section class=\"elementor-section elementor-top-section elementor-element elementor-element-6a1078a elementor-section-boxed elementor-section-height-default elementor-section-height-default\" data-id=\"6a1078a\" data-element_type=\"section\" data-e-type=\"section\">\n\t\t\t\t\t\t<div class=\"elementor-container elementor-column-gap-default\">\n\t\t\t\t\t<div class=\"elementor-column elementor-col-100 elementor-top-column elementor-element elementor-element-1c67cc5\" data-id=\"1c67cc5\" data-element_type=\"column\" data-e-type=\"column\">\n\t\t\t<div class=\"elementor-widget-wrap elementor-element-populated\">\n\t\t\t\t\t\t<div class=\"elementor-element elementor-element-afb42db elementor-widget elementor-widget-image\" data-id=\"afb42db\" data-element_type=\"widget\" data-e-type=\"widget\" data-widget_type=\"image.default\">\n\t\t\t\t\t\t\t\t\t\t\t\t\t\t\t<img decoding=\"async\" src=\"https:\/\/maisondesleclerc.com\/wp-content\/uploads\/2019\/10\/untitled-2.png\" title=\"\" alt=\"\" loading=\"lazy\" \/>\t\t\t\t\t\t\t\t\t\t\t\t\t\t\t<\/div>\n\t\t\t\t<div class=\"elementor-element elementor-element-9ca010c elementor-widget elementor-widget-theme-site-logo elementor-widget-image\" data-id=\"9ca010c\" data-element_type=\"widget\" data-e-type=\"widget\" data-widget_type=\"theme-site-logo.default\">\n\t\t\t\t\t\t\t\t\t\t\t<a href=\"https:\/\/maisondesleclerc.com\/en\/\">\n\t\t\t<img decoding=\"async\" src=\"https:\/\/maisondesleclerc.com\/wp-content\/uploads\/2020\/03\/Maison_Leclerc_Logo_Final.svg\" class=\"attachment-full size-full wp-image-2698\" alt=\"\" \/>\t\t\t\t<\/a>\n\t\t\t\t\t\t\t\t\t\t\t<\/div>\n\t\t\t\t<div class=\"elementor-element elementor-element-96d8c45 elementor-widget elementor-widget-heading\" data-id=\"96d8c45\" data-element_type=\"widget\" data-e-type=\"widget\" data-widget_type=\"heading.default\">\n\t\t\t\t\t<h1 class=\"elementor-heading-title elementor-size-default\">Terms and conditions<\/h1>\t\t\t\t<\/div>\n\t\t\t\t\t<\/div>\n\t\t<\/div>\n\t\t\t\t\t<\/div>\n\t\t<\/section>\n\t\t\t\t<section class=\"elementor-section elementor-top-section elementor-element elementor-element-42c6548e elementor-section-boxed elementor-section-height-default elementor-section-height-default\" data-id=\"42c6548e\" data-element_type=\"section\" data-e-type=\"section\" data-settings=\"{&quot;background_background&quot;:&quot;classic&quot;}\">\n\t\t\t\t\t\t<div class=\"elementor-container elementor-column-gap-default\">\n\t\t\t\t\t<div class=\"elementor-column elementor-col-100 elementor-top-column elementor-element elementor-element-33cab7df\" data-id=\"33cab7df\" data-element_type=\"column\" data-e-type=\"column\" data-settings=\"{&quot;background_background&quot;:&quot;classic&quot;}\">\n\t\t\t<div class=\"elementor-widget-wrap elementor-element-populated\">\n\t\t\t\t\t\t<div class=\"elementor-element elementor-element-d502171 elementor-widget elementor-widget-text-editor\" data-id=\"d502171\" data-element_type=\"widget\" data-e-type=\"widget\" data-widget_type=\"text-editor.default\">\n\t\t\t\t\t\t\t\t\t<p>After many years of experience, we can count on the honesty of our clients!<\/p><p>No need to give your credit card number or a deposit fee for a booking that is made directly with us.<\/p><p>We trust you!<\/p><p>We only ask for your contact information, email and phone number.<\/p><p>If something comes up and you have to cancel your stay, we ask simply that you inform us as soon as possible.<\/p><p>Rates:<\/p><p>High season: From June 24 to October 12, 2020 and from December 23 to January 2, 2021.<\/p><p>Low season: From January 3 to June 23, 2020 and from October 13 to December 22, 2020.<\/p><div><span style=\"font-size: 1.2em; letter-spacing: 0.7px;\">\u00a0<\/span><\/div><p>Arrival time : starting at 4PM<\/p><p>Check-out : 11AM<\/p>\t\t\t\t\t\t\t\t<\/div>\n\t\t\t\t\t<\/div>\n\t\t<\/div>\n\t\t\t\t\t<\/div>\n\t\t<\/section>\n\t\t\t\t<\/div>","protected":false},"excerpt":{"rendered":"<p>Termes et conditions Apr\u00e8s plusieurs ann\u00e9es d\u2019exp\u00e9rience, nous pouvons compter sur l\u2019honn\u00eatet\u00e9 de nos clients! Alors, pas de carte de cr\u00e9dit ou de d\u00e9p\u00f4t demand\u00e9 pour votre r\u00e9servation lorsqu&rsquo;elle se fait directement avec nous. Nous nous fions \u00e0 vous! Nous vous demandons seulement vos coordonn\u00e9s, courriel et t\u00e9l\u00e9phone. Si un emp\u00eachement vous oblige \u00e0 annuler [&hellip;]<\/p>\n","protected":false},"author":2,"featured_media":0,"parent":0,"menu_order":0,"comment_status":"closed","ping_status":"closed","template":"","meta":{"footnotes":""},"class_list":["post-317","page","type-page","status-publish","hentry"],"yoast_head":"<!-- This site is optimized with the Yoast SEO plugin v27.0 - https:\/\/yoast.com\/product\/yoast-seo-wordpress\/ -->\n<title>Termes &amp; conditions - Maison des Leclerc<\/title>\n<meta name=\"robots\" content=\"index, follow, max-snippet:-1, max-image-preview:large, max-video-preview:-1\" \/>\n<link rel=\"canonical\" href=\"https:\/\/maisondesleclerc.com\/en\/terms-conditions\/\" \/>\n<meta property=\"og:locale\" content=\"en_US\" \/>\n<meta property=\"og:type\" content=\"article\" \/>\n<meta property=\"og:title\" content=\"Termes &amp; conditions - Maison des Leclerc\" \/>\n<meta property=\"og:description\" content=\"Termes et conditions Apr\u00e8s plusieurs ann\u00e9es d\u2019exp\u00e9rience, nous pouvons compter sur l\u2019honn\u00eatet\u00e9 de nos clients! Alors, pas de carte de cr\u00e9dit ou de d\u00e9p\u00f4t demand\u00e9 pour votre r\u00e9servation lorsqu&rsquo;elle se fait directement avec nous. Nous nous fions \u00e0 vous! Nous vous demandons seulement vos coordonn\u00e9s, courriel et t\u00e9l\u00e9phone. Si un emp\u00eachement vous oblige \u00e0 annuler [&hellip;]\" \/>\n<meta property=\"og:url\" content=\"https:\/\/maisondesleclerc.com\/en\/terms-conditions\/\" \/>\n<meta property=\"og:site_name\" content=\"Maison des Leclerc\" \/>\n<meta property=\"article:modified_time\" content=\"2020-08-18T19:45:19+00:00\" \/>\n<meta property=\"og:image\" content=\"https:\/\/maisondesleclerc.com\/wp-content\/uploads\/2019\/10\/untitled-2.png\" \/>\n<meta name=\"twitter:card\" content=\"summary_large_image\" \/>\n<meta name=\"twitter:label1\" content=\"Est. reading time\" \/>\n\t<meta name=\"twitter:data1\" content=\"1 minute\" \/>\n<script type=\"application\/ld+json\" class=\"yoast-schema-graph\">{\"@context\":\"https:\/\/schema.org\",\"@graph\":[{\"@type\":\"WebPage\",\"@id\":\"https:\/\/maisondesleclerc.com\/terms-conditions\/\",\"url\":\"https:\/\/maisondesleclerc.com\/terms-conditions\/\",\"name\":\"Termes & conditions - Maison des Leclerc\",\"isPartOf\":{\"@id\":\"https:\/\/maisondesleclerc.com\/#website\"},\"primaryImageOfPage\":{\"@id\":\"https:\/\/maisondesleclerc.com\/terms-conditions\/#primaryimage\"},\"image\":{\"@id\":\"https:\/\/maisondesleclerc.com\/terms-conditions\/#primaryimage\"},\"thumbnailUrl\":\"https:\/\/maisondesleclerc.com\/wp-content\/uploads\/2019\/10\/untitled-2.png\",\"datePublished\":\"2019-06-12T11:59:52+00:00\",\"dateModified\":\"2020-08-18T19:45:19+00:00\",\"breadcrumb\":{\"@id\":\"https:\/\/maisondesleclerc.com\/terms-conditions\/#breadcrumb\"},\"inLanguage\":\"en-US\",\"potentialAction\":[{\"@type\":\"ReadAction\",\"target\":[\"https:\/\/maisondesleclerc.com\/terms-conditions\/\"]}]},{\"@type\":\"ImageObject\",\"inLanguage\":\"en-US\",\"@id\":\"https:\/\/maisondesleclerc.com\/terms-conditions\/#primaryimage\",\"url\":\"https:\/\/maisondesleclerc.com\/wp-content\/uploads\/2019\/10\/untitled-2.png\",\"contentUrl\":\"https:\/\/maisondesleclerc.com\/wp-content\/uploads\/2019\/10\/untitled-2.png\"},{\"@type\":\"BreadcrumbList\",\"@id\":\"https:\/\/maisondesleclerc.com\/terms-conditions\/#breadcrumb\",\"itemListElement\":[{\"@type\":\"ListItem\",\"position\":1,\"name\":\"Accueil\",\"item\":\"https:\/\/maisondesleclerc.com\/\"},{\"@type\":\"ListItem\",\"position\":2,\"name\":\"Termes &#038; conditions\"}]},{\"@type\":\"WebSite\",\"@id\":\"https:\/\/maisondesleclerc.com\/#website\",\"url\":\"https:\/\/maisondesleclerc.com\/\",\"name\":\"Maison des Leclerc\",\"description\":\"R\u00e9sidence touristique chaleureuse et authentique\",\"publisher\":{\"@id\":\"https:\/\/maisondesleclerc.com\/#organization\"},\"potentialAction\":[{\"@type\":\"SearchAction\",\"target\":{\"@type\":\"EntryPoint\",\"urlTemplate\":\"https:\/\/maisondesleclerc.com\/?s={search_term_string}\"},\"query-input\":{\"@type\":\"PropertyValueSpecification\",\"valueRequired\":true,\"valueName\":\"search_term_string\"}}],\"inLanguage\":\"en-US\"},{\"@type\":\"Organization\",\"@id\":\"https:\/\/maisondesleclerc.com\/#organization\",\"name\":\"Maison des Leclerc\",\"url\":\"https:\/\/maisondesleclerc.com\/\",\"logo\":{\"@type\":\"ImageObject\",\"inLanguage\":\"en-US\",\"@id\":\"https:\/\/maisondesleclerc.com\/#\/schema\/logo\/image\/\",\"url\":\"https:\/\/maisondesleclerc.com\/wp-content\/uploads\/2020\/03\/Maison_Leclerc_Logo_Final.svg\",\"contentUrl\":\"https:\/\/maisondesleclerc.com\/wp-content\/uploads\/2020\/03\/Maison_Leclerc_Logo_Final.svg\",\"caption\":\"Maison des Leclerc\"},\"image\":{\"@id\":\"https:\/\/maisondesleclerc.com\/#\/schema\/logo\/image\/\"}}]}<\/script>\n<!-- \/ Yoast SEO plugin. -->","yoast_head_json":{"title":"Termes & conditions - Maison des Leclerc","robots":{"index":"index","follow":"follow","max-snippet":"max-snippet:-1","max-image-preview":"max-image-preview:large","max-video-preview":"max-video-preview:-1"},"canonical":"https:\/\/maisondesleclerc.com\/en\/terms-conditions\/","og_locale":"en_US","og_type":"article","og_title":"Termes & conditions - Maison des Leclerc","og_description":"Termes et conditions Apr\u00e8s plusieurs ann\u00e9es d\u2019exp\u00e9rience, nous pouvons compter sur l\u2019honn\u00eatet\u00e9 de nos clients! Alors, pas de carte de cr\u00e9dit ou de d\u00e9p\u00f4t demand\u00e9 pour votre r\u00e9servation lorsqu&rsquo;elle se fait directement avec nous. Nous nous fions \u00e0 vous! Nous vous demandons seulement vos coordonn\u00e9s, courriel et t\u00e9l\u00e9phone. Si un emp\u00eachement vous oblige \u00e0 annuler [&hellip;]","og_url":"https:\/\/maisondesleclerc.com\/en\/terms-conditions\/","og_site_name":"Maison des Leclerc","article_modified_time":"2020-08-18T19:45:19+00:00","og_image":[{"url":"https:\/\/maisondesleclerc.com\/wp-content\/uploads\/2019\/10\/untitled-2.png","type":"","width":"","height":""}],"twitter_card":"summary_large_image","twitter_misc":{"Est. reading time":"1 minute"},"schema":{"@context":"https:\/\/schema.org","@graph":[{"@type":"WebPage","@id":"https:\/\/maisondesleclerc.com\/terms-conditions\/","url":"https:\/\/maisondesleclerc.com\/terms-conditions\/","name":"Termes & conditions - Maison des Leclerc","isPartOf":{"@id":"https:\/\/maisondesleclerc.com\/#website"},"primaryImageOfPage":{"@id":"https:\/\/maisondesleclerc.com\/terms-conditions\/#primaryimage"},"image":{"@id":"https:\/\/maisondesleclerc.com\/terms-conditions\/#primaryimage"},"thumbnailUrl":"https:\/\/maisondesleclerc.com\/wp-content\/uploads\/2019\/10\/untitled-2.png","datePublished":"2019-06-12T11:59:52+00:00","dateModified":"2020-08-18T19:45:19+00:00","breadcrumb":{"@id":"https:\/\/maisondesleclerc.com\/terms-conditions\/#breadcrumb"},"inLanguage":"en-US","potentialAction":[{"@type":"ReadAction","target":["https:\/\/maisondesleclerc.com\/terms-conditions\/"]}]},{"@type":"ImageObject","inLanguage":"en-US","@id":"https:\/\/maisondesleclerc.com\/terms-conditions\/#primaryimage","url":"https:\/\/maisondesleclerc.com\/wp-content\/uploads\/2019\/10\/untitled-2.png","contentUrl":"https:\/\/maisondesleclerc.com\/wp-content\/uploads\/2019\/10\/untitled-2.png"},{"@type":"BreadcrumbList","@id":"https:\/\/maisondesleclerc.com\/terms-conditions\/#breadcrumb","itemListElement":[{"@type":"ListItem","position":1,"name":"Accueil","item":"https:\/\/maisondesleclerc.com\/"},{"@type":"ListItem","position":2,"name":"Termes &#038; conditions"}]},{"@type":"WebSite","@id":"https:\/\/maisondesleclerc.com\/#website","url":"https:\/\/maisondesleclerc.com\/","name":"Maison des Leclerc","description":"R\u00e9sidence touristique chaleureuse et authentique","publisher":{"@id":"https:\/\/maisondesleclerc.com\/#organization"},"potentialAction":[{"@type":"SearchAction","target":{"@type":"EntryPoint","urlTemplate":"https:\/\/maisondesleclerc.com\/?s={search_term_string}"},"query-input":{"@type":"PropertyValueSpecification","valueRequired":true,"valueName":"search_term_string"}}],"inLanguage":"en-US"},{"@type":"Organization","@id":"https:\/\/maisondesleclerc.com\/#organization","name":"Maison des Leclerc","url":"https:\/\/maisondesleclerc.com\/","logo":{"@type":"ImageObject","inLanguage":"en-US","@id":"https:\/\/maisondesleclerc.com\/#\/schema\/logo\/image\/","url":"https:\/\/maisondesleclerc.com\/wp-content\/uploads\/2020\/03\/Maison_Leclerc_Logo_Final.svg","contentUrl":"https:\/\/maisondesleclerc.com\/wp-content\/uploads\/2020\/03\/Maison_Leclerc_Logo_Final.svg","caption":"Maison des Leclerc"},"image":{"@id":"https:\/\/maisondesleclerc.com\/#\/schema\/logo\/image\/"}}]}},"_links":{"self":[{"href":"https:\/\/maisondesleclerc.com\/en\/wp-json\/wp\/v2\/pages\/317","targetHints":{"allow":["GET"]}}],"collection":[{"href":"https:\/\/maisondesleclerc.com\/en\/wp-json\/wp\/v2\/pages"}],"about":[{"href":"https:\/\/maisondesleclerc.com\/en\/wp-json\/wp\/v2\/types\/page"}],"author":[{"embeddable":true,"href":"https:\/\/maisondesleclerc.com\/en\/wp-json\/wp\/v2\/users\/2"}],"replies":[{"embeddable":true,"href":"https:\/\/maisondesleclerc.com\/en\/wp-json\/wp\/v2\/comments?post=317"}],"version-history":[{"count":0,"href":"https:\/\/maisondesleclerc.com\/en\/wp-json\/wp\/v2\/pages\/317\/revisions"}],"wp:attachment":[{"href":"https:\/\/maisondesleclerc.com\/en\/wp-json\/wp\/v2\/media?parent=317"}],"curies":[{"name":"wp","href":"https:\/\/api.w.org\/{rel}","templated":true}]}}