{"id":3553,"date":"2026-02-18T19:36:36","date_gmt":"2026-02-19T00:36:36","guid":{"rendered":"https:\/\/maisondesleclerc.com\/?page_id=3553"},"modified":"2026-02-18T20:27:47","modified_gmt":"2026-02-19T01:27:47","slug":"page-test-tableau-tarifs","status":"publish","type":"page","link":"https:\/\/maisondesleclerc.com\/en\/page-test-tableau-tarifs\/","title":{"rendered":"Page test tableau tarifs"},"content":{"rendered":"<div data-elementor-type=\"wp-page\" data-elementor-id=\"3553\" class=\"elementor elementor-3553\" data-elementor-post-type=\"page\">\n\t\t\t\t\t\t<section class=\"elementor-section elementor-top-section elementor-element elementor-element-32cda4c elementor-section-boxed elementor-section-height-default elementor-section-height-default\" data-id=\"32cda4c\" data-element_type=\"section\" data-e-type=\"section\">\n\t\t\t\t\t\t<div class=\"elementor-container elementor-column-gap-default\">\n\t\t\t\t\t<div class=\"elementor-column elementor-col-100 elementor-top-column elementor-element elementor-element-7841985\" data-id=\"7841985\" data-element_type=\"column\" data-e-type=\"column\">\n\t\t\t<div class=\"elementor-widget-wrap elementor-element-populated\">\n\t\t\t\t\t\t<div class=\"elementor-element elementor-element-41a9684 e-n-tabs-mobile elementor-widget elementor-widget-n-tabs\" data-id=\"41a9684\" data-element_type=\"widget\" data-e-type=\"widget\" data-settings=\"{&quot;tabs_justify_horizontal&quot;:&quot;center&quot;,&quot;horizontal_scroll&quot;:&quot;disable&quot;}\" data-widget_type=\"nested-tabs.default\">\n\t\t\t\t\t\t\t<div class=\"e-n-tabs\" data-widget-number=\"68851332\" aria-label=\"Onglets. Ouvrez des \u00e9l\u00e9ments avec Entrer ou Espace, fermez-les avec Echape et naviguez \u00e0 l&#039;aide des touches fl\u00e9ch\u00e9es.\">\n\t\t\t<div class=\"e-n-tabs-heading\" role=\"tablist\">\n\t\t\t\t\t<button id=\"e-n-tab-title-688513321\" data-tab-title-id=\"e-n-tab-title-688513321\" class=\"e-n-tab-title\" aria-selected=\"true\" data-tab-index=\"1\" role=\"tab\" tabindex=\"0\" aria-controls=\"e-n-tab-content-688513321\" style=\"--n-tabs-title-order: 1;\">\n\t\t\t\t\t\t<span class=\"e-n-tab-title-text\">\n\t\t\t\t2 nights\t\t\t<\/span>\n\t\t<\/button>\n\t\t\t\t<button id=\"e-n-tab-title-688513322\" data-tab-title-id=\"e-n-tab-title-688513322\" class=\"e-n-tab-title\" aria-selected=\"false\" data-tab-index=\"2\" role=\"tab\" tabindex=\"-1\" aria-controls=\"e-n-tab-content-688513322\" style=\"--n-tabs-title-order: 2;\">\n\t\t\t\t\t\t<span class=\"e-n-tab-title-text\">\n\t\t\t\t3 nights\t\t\t<\/span>\n\t\t<\/button>\n\t\t\t\t<button id=\"e-n-tab-title-688513323\" data-tab-title-id=\"e-n-tab-title-688513323\" class=\"e-n-tab-title\" aria-selected=\"false\" data-tab-index=\"3\" role=\"tab\" tabindex=\"-1\" aria-controls=\"e-n-tab-content-688513323\" style=\"--n-tabs-title-order: 3;\">\n\t\t\t\t\t\t<span class=\"e-n-tab-title-text\">\n\t\t\t\t4 nights\t\t\t<\/span>\n\t\t<\/button>\n\t\t\t\t<button id=\"e-n-tab-title-688513324\" data-tab-title-id=\"e-n-tab-title-688513324\" class=\"e-n-tab-title\" aria-selected=\"false\" data-tab-index=\"4\" role=\"tab\" tabindex=\"-1\" aria-controls=\"e-n-tab-content-688513324\" style=\"--n-tabs-title-order: 4;\">\n\t\t\t\t\t\t<span class=\"e-n-tab-title-text\">\n\t\t\t\t5 nights\t\t\t<\/span>\n\t\t<\/button>\n\t\t\t\t<button id=\"e-n-tab-title-688513325\" data-tab-title-id=\"e-n-tab-title-688513325\" class=\"e-n-tab-title\" aria-selected=\"false\" data-tab-index=\"5\" role=\"tab\" tabindex=\"-1\" aria-controls=\"e-n-tab-content-688513325\" style=\"--n-tabs-title-order: 5;\">\n\t\t\t\t\t\t<span class=\"e-n-tab-title-text\">\n\t\t\t\t6 nights\t\t\t<\/span>\n\t\t<\/button>\n\t\t\t\t<button id=\"e-n-tab-title-688513326\" data-tab-title-id=\"e-n-tab-title-688513326\" class=\"e-n-tab-title\" aria-selected=\"false\" data-tab-index=\"6\" role=\"tab\" tabindex=\"-1\" aria-controls=\"e-n-tab-content-688513326\" style=\"--n-tabs-title-order: 6;\">\n\t\t\t\t\t\t<span class=\"e-n-tab-title-text\">\n\t\t\t\t7 nuits et plus\t\t\t<\/span>\n\t\t<\/button>\n\t\t\t\t\t<\/div>\n\t\t\t<div class=\"e-n-tabs-content\">\n\t\t\t\t<div id=\"e-n-tab-content-688513321\" role=\"tabpanel\" aria-labelledby=\"e-n-tab-title-688513321\" data-tab-index=\"1\" style=\"--n-tabs-title-order: 1;\" class=\"e-active elementor-element elementor-element-6056cc0 e-con-full e-flex e-con e-child\" data-id=\"6056cc0\" data-element_type=\"container\" data-e-type=\"container\">\n\t\t<div class=\"elementor-element elementor-element-4ee5386 e-grid e-con-boxed e-con e-child\" data-id=\"4ee5386\" data-element_type=\"container\" data-e-type=\"container\">\n\t\t\t\t\t<div class=\"e-con-inner\">\n\t\t\t\t<div class=\"elementor-element elementor-element-09930b7 elementor-widget elementor-widget-heading\" data-id=\"09930b7\" data-element_type=\"widget\" data-e-type=\"widget\" data-widget_type=\"heading.default\">\n\t\t\t\t\t<span class=\"elementor-heading-title elementor-size-default\">Saison<\/span>\t\t\t\t<\/div>\n\t\t\t\t<div class=\"elementor-element elementor-element-1ceb004 elementor-widget elementor-widget-heading\" data-id=\"1ceb004\" data-element_type=\"widget\" data-e-type=\"widget\" data-widget_type=\"heading.default\">\n\t\t\t\t\t<span class=\"elementor-heading-title elementor-size-default\">Date d\u00e9but<\/span>\t\t\t\t<\/div>\n\t\t\t\t<div class=\"elementor-element elementor-element-567eb50 elementor-widget elementor-widget-heading\" data-id=\"567eb50\" data-element_type=\"widget\" data-e-type=\"widget\" data-widget_type=\"heading.default\">\n\t\t\t\t\t<span class=\"elementor-heading-title elementor-size-default\">Date fin<\/span>\t\t\t\t<\/div>\n\t\t\t\t<div class=\"elementor-element elementor-element-ffa6ff5 elementor-widget elementor-widget-heading\" data-id=\"ffa6ff5\" data-element_type=\"widget\" data-e-type=\"widget\" data-widget_type=\"heading.default\">\n\t\t\t\t\t<span class=\"elementor-heading-title elementor-size-default\">Tarif<\/span>\t\t\t\t<\/div>\n\t\t\t\t\t<\/div>\n\t\t\t\t<\/div>\n\t\t\t\t<div class=\"elementor-element elementor-element-3a542d7 elementor-widget elementor-widget-shortcode\" data-id=\"3a542d7\" data-element_type=\"widget\" data-e-type=\"widget\" data-widget_type=\"shortcode.default\">\n\t\t\t\t\t\t\t<div class=\"elementor-shortcode\"><\/div>\n\t\t\t\t\t\t<\/div>\n\t\t\t\t<\/div>\n\t\t<div id=\"e-n-tab-content-688513322\" role=\"tabpanel\" aria-labelledby=\"e-n-tab-title-688513322\" data-tab-index=\"2\" style=\"--n-tabs-title-order: 2;\" class=\"elementor-element elementor-element-853a541 e-con-full e-flex e-con e-child\" data-id=\"853a541\" data-element_type=\"container\" data-e-type=\"container\">\n\t\t<div class=\"elementor-element elementor-element-ee6b7d4 e-grid e-con-boxed e-con e-child\" data-id=\"ee6b7d4\" data-element_type=\"container\" data-e-type=\"container\">\n\t\t\t\t\t<div class=\"e-con-inner\">\n\t\t\t\t<div class=\"elementor-element elementor-element-bc5294b elementor-widget elementor-widget-heading\" data-id=\"bc5294b\" data-element_type=\"widget\" data-e-type=\"widget\" data-widget_type=\"heading.default\">\n\t\t\t\t\t<span class=\"elementor-heading-title elementor-size-default\">Saison<\/span>\t\t\t\t<\/div>\n\t\t\t\t<div class=\"elementor-element elementor-element-c7ab461 elementor-widget elementor-widget-heading\" data-id=\"c7ab461\" data-element_type=\"widget\" data-e-type=\"widget\" data-widget_type=\"heading.default\">\n\t\t\t\t\t<span class=\"elementor-heading-title elementor-size-default\">Date d\u00e9but<\/span>\t\t\t\t<\/div>\n\t\t\t\t<div class=\"elementor-element elementor-element-bec8eb7 elementor-widget elementor-widget-heading\" data-id=\"bec8eb7\" data-element_type=\"widget\" data-e-type=\"widget\" data-widget_type=\"heading.default\">\n\t\t\t\t\t<span class=\"elementor-heading-title elementor-size-default\">Date fin<\/span>\t\t\t\t<\/div>\n\t\t\t\t<div class=\"elementor-element elementor-element-6813392 elementor-widget elementor-widget-heading\" data-id=\"6813392\" data-element_type=\"widget\" data-e-type=\"widget\" data-widget_type=\"heading.default\">\n\t\t\t\t\t<span class=\"elementor-heading-title elementor-size-default\">Tarif<\/span>\t\t\t\t<\/div>\n\t\t\t\t\t<\/div>\n\t\t\t\t<\/div>\n\t\t\t\t<div class=\"elementor-element elementor-element-d148736 elementor-widget elementor-widget-shortcode\" data-id=\"d148736\" data-element_type=\"widget\" data-e-type=\"widget\" data-widget_type=\"shortcode.default\">\n\t\t\t\t\t\t\t<div class=\"elementor-shortcode\"><\/div>\n\t\t\t\t\t\t<\/div>\n\t\t\t\t<\/div>\n\t\t<div id=\"e-n-tab-content-688513323\" role=\"tabpanel\" aria-labelledby=\"e-n-tab-title-688513323\" data-tab-index=\"3\" style=\"--n-tabs-title-order: 3;\" class=\"elementor-element elementor-element-7241edc e-con-full e-flex e-con e-child\" data-id=\"7241edc\" data-element_type=\"container\" data-e-type=\"container\">\n\t\t<div class=\"elementor-element elementor-element-49dfdce e-grid e-con-boxed e-con e-child\" data-id=\"49dfdce\" data-element_type=\"container\" data-e-type=\"container\">\n\t\t\t\t\t<div class=\"e-con-inner\">\n\t\t\t\t<div class=\"elementor-element elementor-element-03e22b8 elementor-widget elementor-widget-heading\" data-id=\"03e22b8\" data-element_type=\"widget\" data-e-type=\"widget\" data-widget_type=\"heading.default\">\n\t\t\t\t\t<span class=\"elementor-heading-title elementor-size-default\">Saison<\/span>\t\t\t\t<\/div>\n\t\t\t\t<div class=\"elementor-element elementor-element-e9d4cf9 elementor-widget elementor-widget-heading\" data-id=\"e9d4cf9\" data-element_type=\"widget\" data-e-type=\"widget\" data-widget_type=\"heading.default\">\n\t\t\t\t\t<span class=\"elementor-heading-title elementor-size-default\">Date d\u00e9but<\/span>\t\t\t\t<\/div>\n\t\t\t\t<div class=\"elementor-element elementor-element-b0e1d59 elementor-widget elementor-widget-heading\" data-id=\"b0e1d59\" data-element_type=\"widget\" data-e-type=\"widget\" data-widget_type=\"heading.default\">\n\t\t\t\t\t<span class=\"elementor-heading-title elementor-size-default\">Date fin<\/span>\t\t\t\t<\/div>\n\t\t\t\t<div class=\"elementor-element elementor-element-f22b266 elementor-widget elementor-widget-heading\" data-id=\"f22b266\" data-element_type=\"widget\" data-e-type=\"widget\" data-widget_type=\"heading.default\">\n\t\t\t\t\t<span class=\"elementor-heading-title elementor-size-default\">Tarif<\/span>\t\t\t\t<\/div>\n\t\t\t\t\t<\/div>\n\t\t\t\t<\/div>\n\t\t\t\t<div class=\"elementor-element elementor-element-1e1d978 elementor-widget elementor-widget-shortcode\" data-id=\"1e1d978\" data-element_type=\"widget\" data-e-type=\"widget\" data-widget_type=\"shortcode.default\">\n\t\t\t\t\t\t\t<div class=\"elementor-shortcode\"><\/div>\n\t\t\t\t\t\t<\/div>\n\t\t\t\t<\/div>\n\t\t<div id=\"e-n-tab-content-688513324\" role=\"tabpanel\" aria-labelledby=\"e-n-tab-title-688513324\" data-tab-index=\"4\" style=\"--n-tabs-title-order: 4;\" class=\"elementor-element elementor-element-6f2acde e-con-full e-flex e-con e-child\" data-id=\"6f2acde\" data-element_type=\"container\" data-e-type=\"container\">\n\t\t<div class=\"elementor-element elementor-element-0cbde56 e-grid e-con-boxed e-con e-child\" data-id=\"0cbde56\" data-element_type=\"container\" data-e-type=\"container\">\n\t\t\t\t\t<div class=\"e-con-inner\">\n\t\t\t\t<div class=\"elementor-element elementor-element-863b4bf elementor-widget elementor-widget-heading\" data-id=\"863b4bf\" data-element_type=\"widget\" data-e-type=\"widget\" data-widget_type=\"heading.default\">\n\t\t\t\t\t<span class=\"elementor-heading-title elementor-size-default\">Saison<\/span>\t\t\t\t<\/div>\n\t\t\t\t<div class=\"elementor-element elementor-element-2170969 elementor-widget elementor-widget-heading\" data-id=\"2170969\" data-element_type=\"widget\" data-e-type=\"widget\" data-widget_type=\"heading.default\">\n\t\t\t\t\t<span class=\"elementor-heading-title elementor-size-default\">Date d\u00e9but<\/span>\t\t\t\t<\/div>\n\t\t\t\t<div class=\"elementor-element elementor-element-35eb213 elementor-widget elementor-widget-heading\" data-id=\"35eb213\" data-element_type=\"widget\" data-e-type=\"widget\" data-widget_type=\"heading.default\">\n\t\t\t\t\t<span class=\"elementor-heading-title elementor-size-default\">Date fin<\/span>\t\t\t\t<\/div>\n\t\t\t\t<div class=\"elementor-element elementor-element-0c067e3 elementor-widget elementor-widget-heading\" data-id=\"0c067e3\" data-element_type=\"widget\" data-e-type=\"widget\" data-widget_type=\"heading.default\">\n\t\t\t\t\t<span class=\"elementor-heading-title elementor-size-default\">Tarif<\/span>\t\t\t\t<\/div>\n\t\t\t\t\t<\/div>\n\t\t\t\t<\/div>\n\t\t\t\t<div class=\"elementor-element elementor-element-b79c50c elementor-widget elementor-widget-shortcode\" data-id=\"b79c50c\" data-element_type=\"widget\" data-e-type=\"widget\" data-widget_type=\"shortcode.default\">\n\t\t\t\t\t\t\t<div class=\"elementor-shortcode\"><\/div>\n\t\t\t\t\t\t<\/div>\n\t\t\t\t<\/div>\n\t\t<div id=\"e-n-tab-content-688513325\" role=\"tabpanel\" aria-labelledby=\"e-n-tab-title-688513325\" data-tab-index=\"5\" style=\"--n-tabs-title-order: 5;\" class=\"elementor-element elementor-element-0ce3d18 e-con-full e-flex e-con e-child\" data-id=\"0ce3d18\" data-element_type=\"container\" data-e-type=\"container\">\n\t\t<div class=\"elementor-element elementor-element-e2c1ac3 e-grid e-con-boxed e-con e-child\" data-id=\"e2c1ac3\" data-element_type=\"container\" data-e-type=\"container\">\n\t\t\t\t\t<div class=\"e-con-inner\">\n\t\t\t\t<div class=\"elementor-element elementor-element-9135b26 elementor-widget elementor-widget-heading\" data-id=\"9135b26\" data-element_type=\"widget\" data-e-type=\"widget\" data-widget_type=\"heading.default\">\n\t\t\t\t\t<span class=\"elementor-heading-title elementor-size-default\">Saison<\/span>\t\t\t\t<\/div>\n\t\t\t\t<div class=\"elementor-element elementor-element-f8831cd elementor-widget elementor-widget-heading\" data-id=\"f8831cd\" data-element_type=\"widget\" data-e-type=\"widget\" data-widget_type=\"heading.default\">\n\t\t\t\t\t<span class=\"elementor-heading-title elementor-size-default\">Date d\u00e9but<\/span>\t\t\t\t<\/div>\n\t\t\t\t<div class=\"elementor-element elementor-element-b49f176 elementor-widget elementor-widget-heading\" data-id=\"b49f176\" data-element_type=\"widget\" data-e-type=\"widget\" data-widget_type=\"heading.default\">\n\t\t\t\t\t<span class=\"elementor-heading-title elementor-size-default\">Date fin<\/span>\t\t\t\t<\/div>\n\t\t\t\t<div class=\"elementor-element elementor-element-46502f1 elementor-widget elementor-widget-heading\" data-id=\"46502f1\" data-element_type=\"widget\" data-e-type=\"widget\" data-widget_type=\"heading.default\">\n\t\t\t\t\t<span class=\"elementor-heading-title elementor-size-default\">Tarif<\/span>\t\t\t\t<\/div>\n\t\t\t\t\t<\/div>\n\t\t\t\t<\/div>\n\t\t\t\t<div class=\"elementor-element elementor-element-0ae575b elementor-widget elementor-widget-shortcode\" data-id=\"0ae575b\" data-element_type=\"widget\" data-e-type=\"widget\" data-widget_type=\"shortcode.default\">\n\t\t\t\t\t\t\t<div class=\"elementor-shortcode\"><\/div>\n\t\t\t\t\t\t<\/div>\n\t\t\t\t<\/div>\n\t\t<div id=\"e-n-tab-content-688513326\" role=\"tabpanel\" aria-labelledby=\"e-n-tab-title-688513326\" data-tab-index=\"6\" style=\"--n-tabs-title-order: 6;\" class=\"elementor-element elementor-element-c3762ee e-con-full e-flex e-con e-child\" data-id=\"c3762ee\" data-element_type=\"container\" data-e-type=\"container\">\n\t\t<div class=\"elementor-element elementor-element-baff938 e-grid e-con-boxed e-con e-child\" data-id=\"baff938\" data-element_type=\"container\" data-e-type=\"container\">\n\t\t\t\t\t<div class=\"e-con-inner\">\n\t\t\t\t<div class=\"elementor-element elementor-element-94f4233 elementor-widget elementor-widget-heading\" data-id=\"94f4233\" data-element_type=\"widget\" data-e-type=\"widget\" data-widget_type=\"heading.default\">\n\t\t\t\t\t<span class=\"elementor-heading-title elementor-size-default\">Saison<\/span>\t\t\t\t<\/div>\n\t\t\t\t<div class=\"elementor-element elementor-element-58697f0 elementor-widget elementor-widget-heading\" data-id=\"58697f0\" data-element_type=\"widget\" data-e-type=\"widget\" data-widget_type=\"heading.default\">\n\t\t\t\t\t<span class=\"elementor-heading-title elementor-size-default\">Date d\u00e9but<\/span>\t\t\t\t<\/div>\n\t\t\t\t<div class=\"elementor-element elementor-element-a3d7617 elementor-widget elementor-widget-heading\" data-id=\"a3d7617\" data-element_type=\"widget\" data-e-type=\"widget\" data-widget_type=\"heading.default\">\n\t\t\t\t\t<span class=\"elementor-heading-title elementor-size-default\">Date fin<\/span>\t\t\t\t<\/div>\n\t\t\t\t<div class=\"elementor-element elementor-element-17b6af1 elementor-widget elementor-widget-heading\" data-id=\"17b6af1\" data-element_type=\"widget\" data-e-type=\"widget\" data-widget_type=\"heading.default\">\n\t\t\t\t\t<span class=\"elementor-heading-title elementor-size-default\">Tarif<\/span>\t\t\t\t<\/div>\n\t\t\t\t\t<\/div>\n\t\t\t\t<\/div>\n\t\t\t\t<div class=\"elementor-element elementor-element-f5f6c75 elementor-widget elementor-widget-shortcode\" data-id=\"f5f6c75\" data-element_type=\"widget\" data-e-type=\"widget\" data-widget_type=\"shortcode.default\">\n\t\t\t\t\t\t\t<div class=\"elementor-shortcode\"><\/div>\n\t\t\t\t\t\t<\/div>\n\t\t\t\t<\/div>\n\t\t\t\t\t<\/div>\n\t\t<\/div>\n\t\t\t\t\t\t<\/div>\n\t\t\t\t\t<\/div>\n\t\t<\/div>\n\t\t\t\t\t<\/div>\n\t\t<\/section>\n\t\t\t\t<\/div>","protected":false},"excerpt":{"rendered":"<p>2 nuits 3 nuits 4 nuits 5 nuits 6 nuits 7 nuits et plus Saison Date d\u00e9but Date fin Tarif Saison Date d\u00e9but Date fin Tarif Saison Date d\u00e9but Date fin Tarif Saison Date d\u00e9but Date fin Tarif Saison Date d\u00e9but Date fin Tarif Saison Date d\u00e9but Date fin Tarif Saison Date d\u00e9but Date fin [&hellip;]<\/p>\n","protected":false},"author":2,"featured_media":0,"parent":0,"menu_order":0,"comment_status":"closed","ping_status":"closed","template":"","meta":{"footnotes":""},"class_list":["post-3553","page","type-page","status-publish","hentry"],"yoast_head":"<!-- This site is optimized with the Yoast SEO plugin v27.0 - https:\/\/yoast.com\/product\/yoast-seo-wordpress\/ -->\n<title>Page test tableau tarifs - Maison des Leclerc<\/title>\n<meta name=\"robots\" content=\"index, follow, max-snippet:-1, max-image-preview:large, max-video-preview:-1\" \/>\n<link rel=\"canonical\" href=\"https:\/\/maisondesleclerc.com\/en\/page-test-tableau-tarifs\/\" \/>\n<meta property=\"og:locale\" content=\"en_US\" \/>\n<meta property=\"og:type\" content=\"article\" \/>\n<meta property=\"og:title\" content=\"Page test tableau tarifs - Maison des Leclerc\" \/>\n<meta property=\"og:description\" content=\"2 nuits 3 nuits 4 nuits 5 nuits 6 nuits 7 nuits et plus Saison Date d\u00e9but Date fin Tarif Saison Date d\u00e9but Date fin Tarif Saison Date d\u00e9but Date fin Tarif Saison Date d\u00e9but Date fin Tarif Saison Date d\u00e9but Date fin Tarif Saison Date d\u00e9but Date fin Tarif Saison Date d\u00e9but Date fin [&hellip;]\" \/>\n<meta property=\"og:url\" content=\"https:\/\/maisondesleclerc.com\/en\/page-test-tableau-tarifs\/\" \/>\n<meta property=\"og:site_name\" content=\"Maison des Leclerc\" \/>\n<meta property=\"article:modified_time\" content=\"2026-02-19T01:27:47+00:00\" \/>\n<meta name=\"twitter:card\" content=\"summary_large_image\" \/>\n<meta name=\"twitter:label1\" content=\"Est. reading time\" \/>\n\t<meta name=\"twitter:data1\" content=\"1 minute\" \/>\n<script type=\"application\/ld+json\" class=\"yoast-schema-graph\">{\"@context\":\"https:\/\/schema.org\",\"@graph\":[{\"@type\":\"WebPage\",\"@id\":\"https:\/\/maisondesleclerc.com\/page-test-tableau-tarifs\/\",\"url\":\"https:\/\/maisondesleclerc.com\/page-test-tableau-tarifs\/\",\"name\":\"Page test tableau tarifs - Maison des Leclerc\",\"isPartOf\":{\"@id\":\"https:\/\/maisondesleclerc.com\/#website\"},\"datePublished\":\"2026-02-19T00:36:36+00:00\",\"dateModified\":\"2026-02-19T01:27:47+00:00\",\"breadcrumb\":{\"@id\":\"https:\/\/maisondesleclerc.com\/page-test-tableau-tarifs\/#breadcrumb\"},\"inLanguage\":\"en-US\",\"potentialAction\":[{\"@type\":\"ReadAction\",\"target\":[\"https:\/\/maisondesleclerc.com\/page-test-tableau-tarifs\/\"]}]},{\"@type\":\"BreadcrumbList\",\"@id\":\"https:\/\/maisondesleclerc.com\/page-test-tableau-tarifs\/#breadcrumb\",\"itemListElement\":[{\"@type\":\"ListItem\",\"position\":1,\"name\":\"Accueil\",\"item\":\"https:\/\/maisondesleclerc.com\/\"},{\"@type\":\"ListItem\",\"position\":2,\"name\":\"Page test tableau tarifs\"}]},{\"@type\":\"WebSite\",\"@id\":\"https:\/\/maisondesleclerc.com\/#website\",\"url\":\"https:\/\/maisondesleclerc.com\/\",\"name\":\"Maison des Leclerc\",\"description\":\"R\u00e9sidence touristique chaleureuse et authentique\",\"publisher\":{\"@id\":\"https:\/\/maisondesleclerc.com\/#organization\"},\"potentialAction\":[{\"@type\":\"SearchAction\",\"target\":{\"@type\":\"EntryPoint\",\"urlTemplate\":\"https:\/\/maisondesleclerc.com\/?s={search_term_string}\"},\"query-input\":{\"@type\":\"PropertyValueSpecification\",\"valueRequired\":true,\"valueName\":\"search_term_string\"}}],\"inLanguage\":\"en-US\"},{\"@type\":\"Organization\",\"@id\":\"https:\/\/maisondesleclerc.com\/#organization\",\"name\":\"Maison des Leclerc\",\"url\":\"https:\/\/maisondesleclerc.com\/\",\"logo\":{\"@type\":\"ImageObject\",\"inLanguage\":\"en-US\",\"@id\":\"https:\/\/maisondesleclerc.com\/#\/schema\/logo\/image\/\",\"url\":\"https:\/\/maisondesleclerc.com\/wp-content\/uploads\/2020\/03\/Maison_Leclerc_Logo_Final.svg\",\"contentUrl\":\"https:\/\/maisondesleclerc.com\/wp-content\/uploads\/2020\/03\/Maison_Leclerc_Logo_Final.svg\",\"caption\":\"Maison des Leclerc\"},\"image\":{\"@id\":\"https:\/\/maisondesleclerc.com\/#\/schema\/logo\/image\/\"}}]}<\/script>\n<!-- \/ Yoast SEO plugin. -->","yoast_head_json":{"title":"Page test tableau tarifs - Maison des Leclerc","robots":{"index":"index","follow":"follow","max-snippet":"max-snippet:-1","max-image-preview":"max-image-preview:large","max-video-preview":"max-video-preview:-1"},"canonical":"https:\/\/maisondesleclerc.com\/en\/page-test-tableau-tarifs\/","og_locale":"en_US","og_type":"article","og_title":"Page test tableau tarifs - Maison des Leclerc","og_description":"2 nuits 3 nuits 4 nuits 5 nuits 6 nuits 7 nuits et plus Saison Date d\u00e9but Date fin Tarif Saison Date d\u00e9but Date fin Tarif Saison Date d\u00e9but Date fin Tarif Saison Date d\u00e9but Date fin Tarif Saison Date d\u00e9but Date fin Tarif Saison Date d\u00e9but Date fin Tarif Saison Date d\u00e9but Date fin [&hellip;]","og_url":"https:\/\/maisondesleclerc.com\/en\/page-test-tableau-tarifs\/","og_site_name":"Maison des Leclerc","article_modified_time":"2026-02-19T01:27:47+00:00","twitter_card":"summary_large_image","twitter_misc":{"Est. reading time":"1 minute"},"schema":{"@context":"https:\/\/schema.org","@graph":[{"@type":"WebPage","@id":"https:\/\/maisondesleclerc.com\/page-test-tableau-tarifs\/","url":"https:\/\/maisondesleclerc.com\/page-test-tableau-tarifs\/","name":"Page test tableau tarifs - Maison des Leclerc","isPartOf":{"@id":"https:\/\/maisondesleclerc.com\/#website"},"datePublished":"2026-02-19T00:36:36+00:00","dateModified":"2026-02-19T01:27:47+00:00","breadcrumb":{"@id":"https:\/\/maisondesleclerc.com\/page-test-tableau-tarifs\/#breadcrumb"},"inLanguage":"en-US","potentialAction":[{"@type":"ReadAction","target":["https:\/\/maisondesleclerc.com\/page-test-tableau-tarifs\/"]}]},{"@type":"BreadcrumbList","@id":"https:\/\/maisondesleclerc.com\/page-test-tableau-tarifs\/#breadcrumb","itemListElement":[{"@type":"ListItem","position":1,"name":"Accueil","item":"https:\/\/maisondesleclerc.com\/"},{"@type":"ListItem","position":2,"name":"Page test tableau tarifs"}]},{"@type":"WebSite","@id":"https:\/\/maisondesleclerc.com\/#website","url":"https:\/\/maisondesleclerc.com\/","name":"Maison des Leclerc","description":"R\u00e9sidence touristique chaleureuse et authentique","publisher":{"@id":"https:\/\/maisondesleclerc.com\/#organization"},"potentialAction":[{"@type":"SearchAction","target":{"@type":"EntryPoint","urlTemplate":"https:\/\/maisondesleclerc.com\/?s={search_term_string}"},"query-input":{"@type":"PropertyValueSpecification","valueRequired":true,"valueName":"search_term_string"}}],"inLanguage":"en-US"},{"@type":"Organization","@id":"https:\/\/maisondesleclerc.com\/#organization","name":"Maison des Leclerc","url":"https:\/\/maisondesleclerc.com\/","logo":{"@type":"ImageObject","inLanguage":"en-US","@id":"https:\/\/maisondesleclerc.com\/#\/schema\/logo\/image\/","url":"https:\/\/maisondesleclerc.com\/wp-content\/uploads\/2020\/03\/Maison_Leclerc_Logo_Final.svg","contentUrl":"https:\/\/maisondesleclerc.com\/wp-content\/uploads\/2020\/03\/Maison_Leclerc_Logo_Final.svg","caption":"Maison des Leclerc"},"image":{"@id":"https:\/\/maisondesleclerc.com\/#\/schema\/logo\/image\/"}}]}},"_links":{"self":[{"href":"https:\/\/maisondesleclerc.com\/en\/wp-json\/wp\/v2\/pages\/3553","targetHints":{"allow":["GET"]}}],"collection":[{"href":"https:\/\/maisondesleclerc.com\/en\/wp-json\/wp\/v2\/pages"}],"about":[{"href":"https:\/\/maisondesleclerc.com\/en\/wp-json\/wp\/v2\/types\/page"}],"author":[{"embeddable":true,"href":"https:\/\/maisondesleclerc.com\/en\/wp-json\/wp\/v2\/users\/2"}],"replies":[{"embeddable":true,"href":"https:\/\/maisondesleclerc.com\/en\/wp-json\/wp\/v2\/comments?post=3553"}],"version-history":[{"count":89,"href":"https:\/\/maisondesleclerc.com\/en\/wp-json\/wp\/v2\/pages\/3553\/revisions"}],"predecessor-version":[{"id":3643,"href":"https:\/\/maisondesleclerc.com\/en\/wp-json\/wp\/v2\/pages\/3553\/revisions\/3643"}],"wp:attachment":[{"href":"https:\/\/maisondesleclerc.com\/en\/wp-json\/wp\/v2\/media?parent=3553"}],"curies":[{"name":"wp","href":"https:\/\/api.w.org\/{rel}","templated":true}]}}